{"id":3601,"date":"2023-04-18T16:45:59","date_gmt":"2023-04-18T20:45:59","guid":{"rendered":"https:\/\/sebtakeout.com\/?post_type=product&#038;p=3601"},"modified":"2023-04-19T13:53:44","modified_gmt":"2023-04-19T17:53:44","slug":"rhubarb-creme-brulee","status":"publish","type":"product","link":"https:\/\/sebtakeout.com\/en\/produit\/rhubarb-creme-brulee\/","title":{"rendered":"Rhubarb Cr\u00e8me Brul\u00e9e"},"content":{"rendered":"<p>Rhubarb Cr\u00e8me Brul\u00e9e<\/p>\n","protected":false},"excerpt":{"rendered":"<p>Rhubarb Cr\u00e8me Brul\u00e9e<\/p>\n","protected":false},"featured_media":0,"template":"","meta":[],"product_cat":[64],"product_tag":[],"composite_virtual":false,"composite_layout":"","composite_add_to_cart_form_location":"","composite_editable_in_cart":false,"composite_sold_individually_context":"","composite_shop_price_calc":"","composite_components":[],"composite_scenarios":[],"bundled_by":["2196"],"bundle_stock_status":"instock","bundle_stock_quantity":9,"bundle_virtual":false,"bundle_layout":"","bundle_add_to_cart_form_location":"","bundle_editable_in_cart":false,"bundle_sold_individually_context":"","bundle_item_grouping":"","bundle_min_size":"","bundle_max_size":"","bundle_price":[],"bundled_items":[],"bundle_sell_ids":[],"yoast_head":"<!-- This site is optimized with the Yoast SEO plugin v21.3 - https:\/\/yoast.com\/wordpress\/plugins\/seo\/ -->\n<title>Rhubarb Cr\u00e8me Brul\u00e9e - Seb Take Out<\/title>\n<meta name=\"robots\" content=\"index, follow, max-snippet:-1, max-image-preview:large, max-video-preview:-1\" \/>\n<link rel=\"canonical\" href=\"https:\/\/sebtakeout.com\/en\/produit\/rhubarb-creme-brulee\/\" \/>\n<meta property=\"og:locale\" content=\"en_US\" \/>\n<meta property=\"og:type\" content=\"article\" \/>\n<meta property=\"og:title\" content=\"Rhubarb Cr\u00e8me Brul\u00e9e - Seb Take Out\" \/>\n<meta property=\"og:description\" content=\"Rhubarb Cr\u00e8me Brul\u00e9e\" \/>\n<meta property=\"og:url\" content=\"https:\/\/sebtakeout.com\/en\/produit\/rhubarb-creme-brulee\/\" \/>\n<meta property=\"og:site_name\" content=\"Seb Take Out\" \/>\n<meta property=\"article:modified_time\" content=\"2023-04-19T17:53:44+00:00\" \/>\n<meta name=\"twitter:card\" content=\"summary_large_image\" \/>\n<script type=\"application\/ld+json\" class=\"yoast-schema-graph\">{\"@context\":\"https:\/\/schema.org\",\"@graph\":[{\"@type\":\"WebPage\",\"@id\":\"https:\/\/sebtakeout.com\/en\/produit\/rhubarb-creme-brulee\/\",\"url\":\"https:\/\/sebtakeout.com\/en\/produit\/rhubarb-creme-brulee\/\",\"name\":\"Rhubarb Cr\u00e8me Brul\u00e9e - Seb Take Out\",\"isPartOf\":{\"@id\":\"https:\/\/sebtakeout.com\/en\/#website\"},\"datePublished\":\"2023-04-18T20:45:59+00:00\",\"dateModified\":\"2023-04-19T17:53:44+00:00\",\"breadcrumb\":{\"@id\":\"https:\/\/sebtakeout.com\/en\/produit\/rhubarb-creme-brulee\/#breadcrumb\"},\"inLanguage\":\"en-US\",\"potentialAction\":[{\"@type\":\"ReadAction\",\"target\":[\"https:\/\/sebtakeout.com\/en\/produit\/rhubarb-creme-brulee\/\"]}]},{\"@type\":\"BreadcrumbList\",\"@id\":\"https:\/\/sebtakeout.com\/en\/produit\/rhubarb-creme-brulee\/#breadcrumb\",\"itemListElement\":[{\"@type\":\"ListItem\",\"position\":1,\"name\":\"Accueil\",\"item\":\"https:\/\/sebtakeout.com\/en\/fetes-des-meres\/\"},{\"@type\":\"ListItem\",\"position\":2,\"name\":\"Shop\",\"item\":\"https:\/\/sebtakeout.com\/en\/shop\/\"},{\"@type\":\"ListItem\",\"position\":3,\"name\":\"Rhubarb Cr\u00e8me Brul\u00e9e\"}]},{\"@type\":\"WebSite\",\"@id\":\"https:\/\/sebtakeout.com\/en\/#website\",\"url\":\"https:\/\/sebtakeout.com\/en\/\",\"name\":\"Seb Take Out\",\"description\":\"Commandes et livraisons\",\"potentialAction\":[{\"@type\":\"SearchAction\",\"target\":{\"@type\":\"EntryPoint\",\"urlTemplate\":\"https:\/\/sebtakeout.com\/en\/?s={search_term_string}\"},\"query-input\":\"required name=search_term_string\"}],\"inLanguage\":\"en-US\"}]}<\/script>\n<!-- \/ Yoast SEO plugin. -->","yoast_head_json":{"title":"Rhubarb Cr\u00e8me Brul\u00e9e - Seb Take Out","robots":{"index":"index","follow":"follow","max-snippet":"max-snippet:-1","max-image-preview":"max-image-preview:large","max-video-preview":"max-video-preview:-1"},"canonical":"https:\/\/sebtakeout.com\/en\/produit\/rhubarb-creme-brulee\/","og_locale":"en_US","og_type":"article","og_title":"Rhubarb Cr\u00e8me Brul\u00e9e - Seb Take Out","og_description":"Rhubarb Cr\u00e8me Brul\u00e9e","og_url":"https:\/\/sebtakeout.com\/en\/produit\/rhubarb-creme-brulee\/","og_site_name":"Seb Take Out","article_modified_time":"2023-04-19T17:53:44+00:00","twitter_card":"summary_large_image","schema":{"@context":"https:\/\/schema.org","@graph":[{"@type":"WebPage","@id":"https:\/\/sebtakeout.com\/en\/produit\/rhubarb-creme-brulee\/","url":"https:\/\/sebtakeout.com\/en\/produit\/rhubarb-creme-brulee\/","name":"Rhubarb Cr\u00e8me Brul\u00e9e - Seb Take Out","isPartOf":{"@id":"https:\/\/sebtakeout.com\/en\/#website"},"datePublished":"2023-04-18T20:45:59+00:00","dateModified":"2023-04-19T17:53:44+00:00","breadcrumb":{"@id":"https:\/\/sebtakeout.com\/en\/produit\/rhubarb-creme-brulee\/#breadcrumb"},"inLanguage":"en-US","potentialAction":[{"@type":"ReadAction","target":["https:\/\/sebtakeout.com\/en\/produit\/rhubarb-creme-brulee\/"]}]},{"@type":"BreadcrumbList","@id":"https:\/\/sebtakeout.com\/en\/produit\/rhubarb-creme-brulee\/#breadcrumb","itemListElement":[{"@type":"ListItem","position":1,"name":"Accueil","item":"https:\/\/sebtakeout.com\/en\/fetes-des-meres\/"},{"@type":"ListItem","position":2,"name":"Shop","item":"https:\/\/sebtakeout.com\/en\/shop\/"},{"@type":"ListItem","position":3,"name":"Rhubarb Cr\u00e8me Brul\u00e9e"}]},{"@type":"WebSite","@id":"https:\/\/sebtakeout.com\/en\/#website","url":"https:\/\/sebtakeout.com\/en\/","name":"Seb Take Out","description":"Commandes et livraisons","potentialAction":[{"@type":"SearchAction","target":{"@type":"EntryPoint","urlTemplate":"https:\/\/sebtakeout.com\/en\/?s={search_term_string}"},"query-input":"required name=search_term_string"}],"inLanguage":"en-US"}]}},"publishpress_future_action":{"enabled":false,"date":"1969-12-31 19:00:00","action":"","terms":[],"taxonomy":"","browser_timezone_offset":0},"_links":{"self":[{"href":"https:\/\/sebtakeout.com\/en\/wp-json\/wp\/v2\/product\/3601"}],"collection":[{"href":"https:\/\/sebtakeout.com\/en\/wp-json\/wp\/v2\/product"}],"about":[{"href":"https:\/\/sebtakeout.com\/en\/wp-json\/wp\/v2\/types\/product"}],"wp:attachment":[{"href":"https:\/\/sebtakeout.com\/en\/wp-json\/wp\/v2\/media?parent=3601"}],"wp:term":[{"taxonomy":"product_cat","embeddable":true,"href":"https:\/\/sebtakeout.com\/en\/wp-json\/wp\/v2\/product_cat?post=3601"},{"taxonomy":"product_tag","embeddable":true,"href":"https:\/\/sebtakeout.com\/en\/wp-json\/wp\/v2\/product_tag?post=3601"}],"curies":[{"name":"wp","href":"https:\/\/api.w.org\/{rel}","templated":true}]}}