{"id":679,"date":"2020-10-15T04:31:39","date_gmt":"2020-10-15T08:31:39","guid":{"rendered":"https:\/\/sebtake-out.devrouge.com\/accueil\/"},"modified":"2025-05-20T11:02:45","modified_gmt":"2025-05-20T15:02:45","slug":"accueil","status":"publish","type":"page","link":"https:\/\/sebtakeout.com\/en\/accueil\/","title":{"rendered":"Home"},"content":{"rendered":"\t\t<div data-elementor-type=\"wp-page\" data-elementor-id=\"679\" class=\"elementor elementor-679 elementor-4\" data-elementor-post-type=\"page\">\n\t\t\t\t\t\t\t\t\t<section class=\"elementor-section elementor-top-section elementor-element elementor-element-43b427d elementor-section-full_width elementor-section-height-default elementor-section-height-default\" data-id=\"43b427d\" data-element_type=\"section\">\n\t\t\t\t\t\t<div class=\"elementor-container elementor-column-gap-no\">\n\t\t\t\t\t<div class=\"elementor-column elementor-col-100 elementor-top-column elementor-element elementor-element-df25a8c\" data-id=\"df25a8c\" data-element_type=\"column\">\n\t\t\t<div class=\"elementor-widget-wrap elementor-element-populated\">\n\t\t\t\t\t\t\t\t<div class=\"elementor-element elementor-element-0bdc404 elementor-hidden-phone elementor-widget elementor-widget-image\" data-id=\"0bdc404\" data-element_type=\"widget\" data-widget_type=\"image.default\">\n\t\t\t\t<div class=\"elementor-widget-container\">\n\t\t\t\t\t\t\t\t\t\t\t\t\t\t\t<img decoding=\"async\" loading=\"lazy\" width=\"1917\" height=\"739\" src=\"https:\/\/sebtakeout.com\/wp-content\/uploads\/2021\/06\/hero-lowrez-en.jpg\" class=\"attachment-full size-full wp-image-774\" alt=\"\" srcset=\"https:\/\/sebtakeout.com\/wp-content\/uploads\/2021\/06\/hero-lowrez-en.jpg 1917w, https:\/\/sebtakeout.com\/wp-content\/uploads\/2021\/06\/hero-lowrez-en-300x116.jpg 300w, https:\/\/sebtakeout.com\/wp-content\/uploads\/2021\/06\/hero-lowrez-en-1024x395.jpg 1024w, https:\/\/sebtakeout.com\/wp-content\/uploads\/2021\/06\/hero-lowrez-en-768x296.jpg 768w, https:\/\/sebtakeout.com\/wp-content\/uploads\/2021\/06\/hero-lowrez-en-1536x592.jpg 1536w, https:\/\/sebtakeout.com\/wp-content\/uploads\/2021\/06\/hero-lowrez-en-600x231.jpg 600w\" sizes=\"(max-width: 1917px) 100vw, 1917px\" \/>\t\t\t\t\t\t\t\t\t\t\t\t\t\t\t<\/div>\n\t\t\t\t<\/div>\n\t\t\t\t<div class=\"elementor-element elementor-element-ff9724f elementor-hidden-desktop elementor-hidden-tablet elementor-widget elementor-widget-image\" data-id=\"ff9724f\" data-element_type=\"widget\" data-widget_type=\"image.default\">\n\t\t\t\t<div class=\"elementor-widget-container\">\n\t\t\t\t\t\t\t\t\t\t\t\t\t\t\t<img decoding=\"async\" loading=\"lazy\" width=\"320\" height=\"188\" src=\"https:\/\/sebtakeout.com\/wp-content\/uploads\/2022\/11\/menu-mobile-en.jpg\" class=\"attachment-full size-full wp-image-3052\" alt=\"\" srcset=\"https:\/\/sebtakeout.com\/wp-content\/uploads\/2022\/11\/menu-mobile-en.jpg 320w, https:\/\/sebtakeout.com\/wp-content\/uploads\/2022\/11\/menu-mobile-en-300x176.jpg 300w\" sizes=\"(max-width: 320px) 100vw, 320px\" \/>\t\t\t\t\t\t\t\t\t\t\t\t\t\t\t<\/div>\n\t\t\t\t<\/div>\n\t\t\t\t\t<\/div>\n\t\t<\/div>\n\t\t\t\t\t\t\t<\/div>\n\t\t<\/section>\n\t\t\t\t<section class=\"elementor-section elementor-top-section elementor-element elementor-element-74270b0 elementor-section-boxed elementor-section-height-default elementor-section-height-default\" data-id=\"74270b0\" data-element_type=\"section\">\n\t\t\t\t\t\t<div class=\"elementor-container elementor-column-gap-default\">\n\t\t\t\t\t<div class=\"elementor-column elementor-col-100 elementor-top-column elementor-element elementor-element-2e27922\" data-id=\"2e27922\" data-element_type=\"column\">\n\t\t\t<div class=\"elementor-widget-wrap\">\n\t\t\t\t\t\t\t\t\t<\/div>\n\t\t<\/div>\n\t\t\t\t\t\t\t<\/div>\n\t\t<\/section>\n\t\t\t\t<section class=\"elementor-section elementor-top-section elementor-element elementor-element-5a70bd3 elementor-section-boxed elementor-section-height-default elementor-section-height-default\" data-id=\"5a70bd3\" data-element_type=\"section\">\n\t\t\t\t\t\t<div class=\"elementor-container elementor-column-gap-no\">\n\t\t\t\t\t<div class=\"elementor-column elementor-col-100 elementor-top-column elementor-element elementor-element-bbf5aff\" data-id=\"bbf5aff\" data-element_type=\"column\">\n\t\t\t<div class=\"elementor-widget-wrap elementor-element-populated\">\n\t\t\t\t\t\t\t\t<div class=\"elementor-element elementor-element-c5fcaf3 elementor-widget elementor-widget-html\" data-id=\"c5fcaf3\" data-element_type=\"widget\" data-widget_type=\"html.default\">\n\t\t\t\t<div class=\"elementor-widget-container\">\n\t\t\t<p style=\"margin:0px auto;font-size:20px; line-height:22px; text-align:center;\">\n<\/p>\t\t<\/div>\n\t\t\t\t<\/div>\n\t\t\t\t<div class=\"elementor-element elementor-element-41e743d elementor-widget elementor-widget-heading\" data-id=\"41e743d\" data-element_type=\"widget\" data-widget_type=\"heading.default\">\n\t\t\t\t<div class=\"elementor-widget-container\">\n\t\t\t<h1 class=\"elementor-heading-title elementor-size-default\">Menu\n<span>TO TAKE HOME<\/span><\/h1>\t\t<\/div>\n\t\t\t\t<\/div>\n\t\t\t\t<div class=\"elementor-element elementor-element-86d99d9 elementor-widget elementor-widget-text-editor\" data-id=\"86d99d9\" data-element_type=\"widget\" data-widget_type=\"text-editor.default\">\n\t\t\t\t<div class=\"elementor-widget-container\">\n\t\t\t\t\t\t\t<p>Treat yourselves to sEb\u2019s menu at home!<\/p>\t\t\t\t\t\t<\/div>\n\t\t\t\t<\/div>\n\t\t\t\t<div class=\"elementor-element elementor-element-5b27865 elementor-widget elementor-widget-image\" data-id=\"5b27865\" data-element_type=\"widget\" data-widget_type=\"image.default\">\n\t\t\t\t<div class=\"elementor-widget-container\">\n\t\t\t\t\t\t\t\t\t\t\t\t\t\t\t<img decoding=\"async\" loading=\"lazy\" width=\"412\" height=\"9\" src=\"https:\/\/sebtakeout.com\/wp-content\/uploads\/2021\/04\/separator-2.png\" class=\"attachment-full size-full wp-image-712\" alt=\"\" srcset=\"https:\/\/sebtakeout.com\/wp-content\/uploads\/2021\/04\/separator-2.png 412w, https:\/\/sebtakeout.com\/wp-content\/uploads\/2021\/04\/separator-2-300x7.png 300w\" sizes=\"(max-width: 412px) 100vw, 412px\" \/>\t\t\t\t\t\t\t\t\t\t\t\t\t\t\t<\/div>\n\t\t\t\t<\/div>\n\t\t\t\t<div class=\"elementor-element elementor-element-e52468c elementor-widget elementor-widget-text-editor\" data-id=\"e52468c\" data-element_type=\"widget\" data-widget_type=\"text-editor.default\">\n\t\t\t\t<div class=\"elementor-widget-container\">\n\t\t\t\t\t\t\tOrder online for pickup Thursdays, Fridays, Saturdays and Sundays from 4 to 6 p.m. at sEb l\u2019Artisan culinaire, in Mont-Tremblant. Delivery is available upon request.\t\t\t\t\t\t<\/div>\n\t\t\t\t<\/div>\n\t\t\t\t<div class=\"elementor-element elementor-element-e4f394f elementor-widget elementor-widget-shortcode\" data-id=\"e4f394f\" data-element_type=\"widget\" data-widget_type=\"shortcode.default\">\n\t\t\t\t<div class=\"elementor-widget-container\">\n\t\t\t\t\t<div class=\"elementor-shortcode\"><div class=\"woocommerce\">\t\t\t<div class=\"single-product\" data-product-page-preselected-id=\"0\">\n\t\t\t\t<div id=\"product-1071\" class=\"product type-product post-1071 status-publish first instock product_cat-menu-of-the-week virtual taxable purchasable product-type-composite\">\n\n\t\n\t\n\t\n\n\t<\/div>\n\n\t\t\t<\/div>\n\t\t\t<\/div><\/div>\n\t\t\t\t<\/div>\n\t\t\t\t<\/div>\n\t\t\t\t<div class=\"elementor-element elementor-element-6673738 elementor-widget elementor-widget-html\" data-id=\"6673738\" data-element_type=\"widget\" data-widget_type=\"html.default\">\n\t\t\t\t<div class=\"elementor-widget-container\">\n\t\t\t<script>\n jQuery('#component_1620652045').before('<div class=\"elementor-element elementor-element-96609c1 elementor-widget elementor-widget-heading\" data-id=\"96609c1\" data-element_type=\"widget\" data-widget_type=\"heading.default\"><div class=\"elementor-widget-container\"><h3 class=\"custom-title elementor-heading-title elementor-size-default\">Carte <span>des vins<\/span><\/h3><\/div><\/div>');\n<\/script>\t\t<\/div>\n\t\t\t\t<\/div>\n\t\t\t\t<section class=\"elementor-section elementor-inner-section elementor-element elementor-element-3798a44 elementor-section-boxed elementor-section-height-default elementor-section-height-default\" data-id=\"3798a44\" data-element_type=\"section\">\n\t\t\t\t\t\t<div class=\"elementor-container elementor-column-gap-wider\">\n\t\t\t\t\t<div class=\"elementor-column elementor-col-25 elementor-inner-column elementor-element elementor-element-59b340c\" data-id=\"59b340c\" data-element_type=\"column\">\n\t\t\t<div class=\"elementor-widget-wrap elementor-element-populated\">\n\t\t\t\t\t\t\t\t<div class=\"elementor-element elementor-element-2ce9108 elementor-position-top elementor-widget elementor-widget-image-box\" data-id=\"2ce9108\" data-element_type=\"widget\" data-widget_type=\"image-box.default\">\n\t\t\t\t<div class=\"elementor-widget-container\">\n\t\t\t<div class=\"elementor-image-box-wrapper\"><figure class=\"elementor-image-box-img\"><a href=\"https:\/\/guide.michelin.com\/ca\/fr\/quebec\/mont-tremblant_2433509\/restaurant\/seb-l-artisan-culinaire\" target=\"_blank\" tabindex=\"-1\"><img decoding=\"async\" loading=\"lazy\" width=\"223\" height=\"223\" src=\"https:\/\/sebtakeout.com\/wp-content\/uploads\/2025\/05\/michelin-1.png\" class=\"attachment-full size-full wp-image-5093\" alt=\"\" srcset=\"https:\/\/sebtakeout.com\/wp-content\/uploads\/2025\/05\/michelin-1.png 223w, https:\/\/sebtakeout.com\/wp-content\/uploads\/2025\/05\/michelin-1-150x150.png 150w, https:\/\/sebtakeout.com\/wp-content\/uploads\/2025\/05\/michelin-1-100x100.png 100w\" sizes=\"(max-width: 223px) 100vw, 223px\" \/><\/a><\/figure><div class=\"elementor-image-box-content\"><h5 class=\"elementor-image-box-title\"><a href=\"https:\/\/guide.michelin.com\/ca\/fr\/quebec\/mont-tremblant_2433509\/restaurant\/seb-l-artisan-culinaire\" target=\"_blank\">Guide Michelin Qu\u00e9bec 2025<\/a><\/h5><\/div><\/div>\t\t<\/div>\n\t\t\t\t<\/div>\n\t\t\t\t\t<\/div>\n\t\t<\/div>\n\t\t\t\t<div class=\"elementor-column elementor-col-25 elementor-inner-column elementor-element elementor-element-f261a5f\" data-id=\"f261a5f\" data-element_type=\"column\">\n\t\t\t<div class=\"elementor-widget-wrap elementor-element-populated\">\n\t\t\t\t\t\t\t\t<div class=\"elementor-element elementor-element-bbaf12e elementor-position-top elementor-widget elementor-widget-image-box\" data-id=\"bbaf12e\" data-element_type=\"widget\" data-widget_type=\"image-box.default\">\n\t\t\t\t<div class=\"elementor-widget-container\">\n\t\t\t<div class=\"elementor-image-box-wrapper\"><figure class=\"elementor-image-box-img\"><img decoding=\"async\" loading=\"lazy\" width=\"291\" height=\"156\" src=\"https:\/\/sebtakeout.com\/wp-content\/uploads\/2025\/05\/aaa-1.png\" class=\"attachment-full size-full wp-image-5095\" alt=\"\" \/><\/figure><div class=\"elementor-image-box-content\"><p class=\"elementor-image-box-description\">4 Diamants \u2013 High-level amenities and prestige, with excellent service.\nCAA\/AAA<\/p><\/div><\/div>\t\t<\/div>\n\t\t\t\t<\/div>\n\t\t\t\t\t<\/div>\n\t\t<\/div>\n\t\t\t\t<div class=\"elementor-column elementor-col-25 elementor-inner-column elementor-element elementor-element-9eec23a\" data-id=\"9eec23a\" data-element_type=\"column\">\n\t\t\t<div class=\"elementor-widget-wrap elementor-element-populated\">\n\t\t\t\t\t\t\t\t<div class=\"elementor-element elementor-element-d246c3e elementor-position-top elementor-widget elementor-widget-image-box\" data-id=\"d246c3e\" data-element_type=\"widget\" data-widget_type=\"image-box.default\">\n\t\t\t\t<div class=\"elementor-widget-container\">\n\t\t\t<div class=\"elementor-image-box-wrapper\"><figure class=\"elementor-image-box-img\"><a href=\"https:\/\/latableronde.ca\/\" target=\"_blank\" tabindex=\"-1\"><img decoding=\"async\" loading=\"lazy\" width=\"223\" height=\"223\" src=\"https:\/\/sebtakeout.com\/wp-content\/uploads\/2025\/05\/tableRonde-1-1.webp\" class=\"attachment-full size-full wp-image-5097\" alt=\"\" srcset=\"https:\/\/sebtakeout.com\/wp-content\/uploads\/2025\/05\/tableRonde-1-1.webp 223w, https:\/\/sebtakeout.com\/wp-content\/uploads\/2025\/05\/tableRonde-1-1-150x150.webp 150w, https:\/\/sebtakeout.com\/wp-content\/uploads\/2025\/05\/tableRonde-1-1-100x100.webp 100w\" sizes=\"(max-width: 223px) 100vw, 223px\" \/><\/a><\/figure><div class=\"elementor-image-box-content\"><h5 class=\"elementor-image-box-title\"><a href=\"https:\/\/latableronde.ca\/\" target=\"_blank\">Chefs de file de la gastronomie qu\u00e9b\u00e9coise<\/a><\/h5><\/div><\/div>\t\t<\/div>\n\t\t\t\t<\/div>\n\t\t\t\t\t<\/div>\n\t\t<\/div>\n\t\t\t\t<div class=\"elementor-column elementor-col-25 elementor-inner-column elementor-element elementor-element-799a066\" data-id=\"799a066\" data-element_type=\"column\">\n\t\t\t<div class=\"elementor-widget-wrap elementor-element-populated\">\n\t\t\t\t\t\t\t\t<div class=\"elementor-element elementor-element-4d986dc elementor-position-top elementor-widget elementor-widget-image-box\" data-id=\"4d986dc\" data-element_type=\"widget\" data-widget_type=\"image-box.default\">\n\t\t\t\t<div class=\"elementor-widget-container\">\n\t\t\t<div class=\"elementor-image-box-wrapper\"><figure class=\"elementor-image-box-img\"><a href=\"https:\/\/chefsalarescousse.com\/\" target=\"_blank\" tabindex=\"-1\"><img decoding=\"async\" loading=\"lazy\" width=\"294\" height=\"165\" src=\"https:\/\/sebtakeout.com\/wp-content\/uploads\/2025\/05\/chefs-1.png\" class=\"attachment-full size-full wp-image-5099\" alt=\"\" \/><\/a><\/figure><div class=\"elementor-image-box-content\"><h5 class=\"elementor-image-box-title\"><a href=\"https:\/\/chefsalarescousse.com\/\" target=\"_blank\">Chefs \u00e0 la rescousse<\/a><\/h5><\/div><\/div>\t\t<\/div>\n\t\t\t\t<\/div>\n\t\t\t\t\t<\/div>\n\t\t<\/div>\n\t\t\t\t\t\t\t<\/div>\n\t\t<\/section>\n\t\t\t\t\t<\/div>\n\t\t<\/div>\n\t\t\t\t\t\t\t<\/div>\n\t\t<\/section>\n\t\t\t\t\t\t\t<\/div>\n\t\t","protected":false},"excerpt":{"rendered":"<p>Menu TO TAKE HOME Treat yourselves to sEb\u2019s menu at home! Order online for pickup Thursdays, Fridays, Saturdays and Sundays from 4 to 6 p.m. at sEb l\u2019Artisan culinaire, in Mont-Tremblant. Delivery is available upon request. Guide Michelin Qu\u00e9bec 2025 4 Diamants \u2013 High-level amenities and prestige, with excellent service. CAA\/AAA Chefs de file de [&hellip;]<\/p>\n","protected":false},"author":1,"featured_media":0,"parent":0,"menu_order":-9999,"comment_status":"closed","ping_status":"closed","template":"","meta":{"footnotes":""},"yoast_head":"<!-- This site is optimized with the Yoast SEO plugin v21.3 - https:\/\/yoast.com\/wordpress\/plugins\/seo\/ -->\n<title>sEb \u00e0 la maison - Accueil<\/title>\n<meta name=\"description\" content=\"D\u00e9couvrez l\u2019exp\u00e9rience gastronomique de sEb l\u2019Artisan culinaire dans le confort de votre foyer. Des menus inspir\u00e9s, \u00e0 emporter ou \u00e0 la livraison !\" \/>\n<meta name=\"robots\" content=\"index, follow, max-snippet:-1, max-image-preview:large, max-video-preview:-1\" \/>\n<link rel=\"canonical\" href=\"https:\/\/sebtakeout.com\/en\/accueil\/\" \/>\n<meta property=\"og:locale\" content=\"en_US\" \/>\n<meta property=\"og:type\" content=\"article\" \/>\n<meta property=\"og:title\" content=\"sEb \u00e0 la maison - Accueil\" \/>\n<meta property=\"og:description\" content=\"D\u00e9couvrez l\u2019exp\u00e9rience gastronomique de sEb l\u2019Artisan culinaire dans le confort de votre foyer. Des menus inspir\u00e9s, \u00e0 emporter ou \u00e0 la livraison !\" \/>\n<meta property=\"og:url\" content=\"https:\/\/sebtakeout.com\/en\/accueil\/\" \/>\n<meta property=\"og:site_name\" content=\"Seb Take Out\" \/>\n<meta property=\"article:modified_time\" content=\"2025-05-20T15:02:45+00:00\" \/>\n<meta property=\"og:image\" content=\"https:\/\/sebtakeout.com\/wp-content\/uploads\/2021\/06\/hero-lowrez-en.jpg\" \/>\n<meta name=\"twitter:card\" content=\"summary_large_image\" \/>\n<meta name=\"twitter:label1\" content=\"Est. reading time\" \/>\n\t<meta name=\"twitter:data1\" content=\"2 minutes\" \/>\n<script type=\"application\/ld+json\" class=\"yoast-schema-graph\">{\"@context\":\"https:\/\/schema.org\",\"@graph\":[{\"@type\":\"WebPage\",\"@id\":\"https:\/\/sebtakeout.com\/en\/accueil\/\",\"url\":\"https:\/\/sebtakeout.com\/en\/accueil\/\",\"name\":\"sEb \u00e0 la maison - Accueil\",\"isPartOf\":{\"@id\":\"https:\/\/sebtakeout.com\/en\/#website\"},\"datePublished\":\"2020-10-15T08:31:39+00:00\",\"dateModified\":\"2025-05-20T15:02:45+00:00\",\"description\":\"D\u00e9couvrez l\u2019exp\u00e9rience gastronomique de sEb l\u2019Artisan culinaire dans le confort de votre foyer. Des menus inspir\u00e9s, \u00e0 emporter ou \u00e0 la livraison !\",\"breadcrumb\":{\"@id\":\"https:\/\/sebtakeout.com\/en\/accueil\/#breadcrumb\"},\"inLanguage\":\"en-US\",\"potentialAction\":[{\"@type\":\"ReadAction\",\"target\":[\"https:\/\/sebtakeout.com\/en\/accueil\/\"]}]},{\"@type\":\"BreadcrumbList\",\"@id\":\"https:\/\/sebtakeout.com\/en\/accueil\/#breadcrumb\",\"itemListElement\":[{\"@type\":\"ListItem\",\"position\":1,\"name\":\"Accueil\",\"item\":\"https:\/\/sebtakeout.com\/en\/fetes-des-meres\/\"},{\"@type\":\"ListItem\",\"position\":2,\"name\":\"Home\"}]},{\"@type\":\"WebSite\",\"@id\":\"https:\/\/sebtakeout.com\/en\/#website\",\"url\":\"https:\/\/sebtakeout.com\/en\/\",\"name\":\"Seb Take Out\",\"description\":\"Commandes et livraisons\",\"potentialAction\":[{\"@type\":\"SearchAction\",\"target\":{\"@type\":\"EntryPoint\",\"urlTemplate\":\"https:\/\/sebtakeout.com\/en\/?s={search_term_string}\"},\"query-input\":\"required name=search_term_string\"}],\"inLanguage\":\"en-US\"}]}<\/script>\n<!-- \/ Yoast SEO plugin. -->","yoast_head_json":{"title":"sEb \u00e0 la maison - Accueil","description":"D\u00e9couvrez l\u2019exp\u00e9rience gastronomique de sEb l\u2019Artisan culinaire dans le confort de votre foyer. Des menus inspir\u00e9s, \u00e0 emporter ou \u00e0 la livraison !","robots":{"index":"index","follow":"follow","max-snippet":"max-snippet:-1","max-image-preview":"max-image-preview:large","max-video-preview":"max-video-preview:-1"},"canonical":"https:\/\/sebtakeout.com\/en\/accueil\/","og_locale":"en_US","og_type":"article","og_title":"sEb \u00e0 la maison - Accueil","og_description":"D\u00e9couvrez l\u2019exp\u00e9rience gastronomique de sEb l\u2019Artisan culinaire dans le confort de votre foyer. Des menus inspir\u00e9s, \u00e0 emporter ou \u00e0 la livraison !","og_url":"https:\/\/sebtakeout.com\/en\/accueil\/","og_site_name":"Seb Take Out","article_modified_time":"2025-05-20T15:02:45+00:00","og_image":[{"url":"https:\/\/sebtakeout.com\/wp-content\/uploads\/2021\/06\/hero-lowrez-en.jpg"}],"twitter_card":"summary_large_image","twitter_misc":{"Est. reading time":"2 minutes"},"schema":{"@context":"https:\/\/schema.org","@graph":[{"@type":"WebPage","@id":"https:\/\/sebtakeout.com\/en\/accueil\/","url":"https:\/\/sebtakeout.com\/en\/accueil\/","name":"sEb \u00e0 la maison - Accueil","isPartOf":{"@id":"https:\/\/sebtakeout.com\/en\/#website"},"datePublished":"2020-10-15T08:31:39+00:00","dateModified":"2025-05-20T15:02:45+00:00","description":"D\u00e9couvrez l\u2019exp\u00e9rience gastronomique de sEb l\u2019Artisan culinaire dans le confort de votre foyer. Des menus inspir\u00e9s, \u00e0 emporter ou \u00e0 la livraison !","breadcrumb":{"@id":"https:\/\/sebtakeout.com\/en\/accueil\/#breadcrumb"},"inLanguage":"en-US","potentialAction":[{"@type":"ReadAction","target":["https:\/\/sebtakeout.com\/en\/accueil\/"]}]},{"@type":"BreadcrumbList","@id":"https:\/\/sebtakeout.com\/en\/accueil\/#breadcrumb","itemListElement":[{"@type":"ListItem","position":1,"name":"Accueil","item":"https:\/\/sebtakeout.com\/en\/fetes-des-meres\/"},{"@type":"ListItem","position":2,"name":"Home"}]},{"@type":"WebSite","@id":"https:\/\/sebtakeout.com\/en\/#website","url":"https:\/\/sebtakeout.com\/en\/","name":"Seb Take Out","description":"Commandes et livraisons","potentialAction":[{"@type":"SearchAction","target":{"@type":"EntryPoint","urlTemplate":"https:\/\/sebtakeout.com\/en\/?s={search_term_string}"},"query-input":"required name=search_term_string"}],"inLanguage":"en-US"}]}},"publishpress_future_action":{"enabled":false,"date":"1969-12-31 19:00:00","action":"","terms":[],"taxonomy":"","browser_timezone_offset":0},"_links":{"self":[{"href":"https:\/\/sebtakeout.com\/en\/wp-json\/wp\/v2\/pages\/679"}],"collection":[{"href":"https:\/\/sebtakeout.com\/en\/wp-json\/wp\/v2\/pages"}],"about":[{"href":"https:\/\/sebtakeout.com\/en\/wp-json\/wp\/v2\/types\/page"}],"author":[{"embeddable":true,"href":"https:\/\/sebtakeout.com\/en\/wp-json\/wp\/v2\/users\/1"}],"replies":[{"embeddable":true,"href":"https:\/\/sebtakeout.com\/en\/wp-json\/wp\/v2\/comments?post=679"}],"version-history":[{"count":95,"href":"https:\/\/sebtakeout.com\/en\/wp-json\/wp\/v2\/pages\/679\/revisions"}],"predecessor-version":[{"id":5111,"href":"https:\/\/sebtakeout.com\/en\/wp-json\/wp\/v2\/pages\/679\/revisions\/5111"}],"wp:attachment":[{"href":"https:\/\/sebtakeout.com\/en\/wp-json\/wp\/v2\/media?parent=679"}],"curies":[{"name":"wp","href":"https:\/\/api.w.org\/{rel}","templated":true}]}}